{"id":9453,"date":"2024-05-10T17:53:00","date_gmt":"2024-05-10T20:53:00","guid":{"rendered":"https:\/\/ingenieriagyaspa.cl\/?page_id=9453"},"modified":"2026-04-21T06:28:14","modified_gmt":"2026-04-21T09:28:14","slug":"servicios","status":"publish","type":"page","link":"https:\/\/ingenieriagyaspa.cl\/index.php\/servicios\/","title":{"rendered":"Servicios"},"content":{"rendered":"<section class=\"l-section wpb_row height_auto\"><div class=\"l-section-h i-cf\"><div class=\"g-cols vc_row via_flex valign_top type_default stacking_default\"><div class=\"vc_col-sm-12 wpb_column vc_column_container\"><div class=\"vc_column-inner\"><div class=\"wpb_wrapper\"><div class=\"w-separator size_medium\"><\/div><div class=\"wpb_text_column us_custom_73072578 has_text_color\"><div class=\"wpb_wrapper\"><h2 style=\"text-align: center;\"><strong>NUESTROS SERVICIOS<\/strong><\/h2>\n<\/div><\/div><div class=\"wpb_text_column us_custom_eb849559\"><div class=\"wpb_wrapper\"><h5 style=\"text-align: center;\">Los m\u00e1s altos est\u00e1ndares de servicio, tanto en la calidad del material, servicio de post <a href=\"https:\/\/coolzinocasino.co.de\/\">https:\/\/coolzinocasino.co.de\/<\/a> venta y plazos de despacho e instalaci\u00f3n \u00fanicos en el mercado<\/h5>\n<\/div><\/div><\/div><\/div><\/div><\/div><\/div><\/section><section class=\"l-section wpb_row height_auto width_full\"><div class=\"l-section-h i-cf\"><div class=\"g-cols vc_row via_flex valign_top type_default stacking_default\"><div class=\"vc_col-sm-12 wpb_column vc_column_container\"><div class=\"vc_column-inner\"><div class=\"wpb_wrapper\"><div class=\"w-separator size_medium\"><\/div><div class=\"w-grid type_grid layout_9479 cols_5\" id=\"us_grid_1\" style=\"--gap:0rem;\" data-filterable=\"true\"><style>@media (max-width:1280px){#us_grid_1 .w-grid-item{width:33.3333%}}@media (max-width:1024px){#us_grid_1 .w-grid-item{width:50%}}@media (max-width:600px){#us_grid_1 .w-grid-list{margin:0}#us_grid_1 .w-grid-item{width:100%;padding:0;margin-bottom:var(--gap,0px)}}.layout_9479 .w-grid-item-h{}.layout_9479 .usg_vwrapper_1{height:700px!important}.layout_9479 .usg_post_title_1{font-weight:700!important;width:245px!important}.layout_9479 .usg_vwrapper_2{color:#ffffff!important;width:100%!important;height:690px!important;margin-bottom:10px!important;padding-bottom:40px!important;position:absolute!important;background:rgba(0,106,168,0.60)!important}.layout_9479 .usg_post_image_1{height:690px!important}@media (min-width:1025px) and (max-width:1280px){.layout_9479 .usg_vwrapper_1{height:700px!important}.layout_9479 .usg_vwrapper_2{width:302.55px!important;height:690px!important}.layout_9479 .usg_post_image_1{height:700px!important}}@media (min-width:601px) and (max-width:1024px){.layout_9479 .usg_vwrapper_1{height:700px!important}.layout_9479 .usg_vwrapper_2{height:690px!important}.layout_9479 .usg_post_image_1{height:700px!important}}@media (max-width:600px){.layout_9479 .usg_vwrapper_1{height:600px!important}.layout_9479 .usg_vwrapper_2{height:600px!important}.layout_9479 .usg_post_image_1{height:600px!important}}<\/style><div class=\"w-grid-list\">\t<article class=\"w-grid-item size_1x1 post-9680 product type-product status-publish has-post-thumbnail product_cat-servicios first instock shipping-taxable product-type-simple\" data-id=\"9680\">\r\n\t\t<div class=\"w-grid-item-h\">\r\n\t\t\t\t\t\t<div class=\"w-vwrapper usg_vwrapper_1 img-serv align_center valign_bottom\"><div class=\"w-post-elm post_image usg_post_image_1 has_height stretched\"><a href=\"https:\/\/ingenieriagyaspa.cl\/index.php\/producto\/camaras-frigorificas\/\" aria-label=\"C\u00c1MARAS FRIGOR\u00cdFICAS\"><img loading=\"lazy\" decoding=\"async\" width=\"580\" height=\"1325\" src=\"https:\/\/ingenieriagyaspa.cl\/wp-content\/uploads\/2024\/05\/Imagen2.jpg\" class=\"attachment-full size-full wp-post-image\" alt=\"\" srcset=\"https:\/\/ingenieriagyaspa.cl\/wp-content\/uploads\/2024\/05\/Imagen2.jpg 580w, https:\/\/ingenieriagyaspa.cl\/wp-content\/uploads\/2024\/05\/Imagen2-131x300.jpg 131w, https:\/\/ingenieriagyaspa.cl\/wp-content\/uploads\/2024\/05\/Imagen2-448x1024.jpg 448w\" sizes=\"(max-width: 580px) 100vw, 580px\" \/><\/a><\/div><div class=\"w-vwrapper usg_vwrapper_2 has_text_color align_center valign_bottom\"><h4 class=\"w-post-elm post_title usg_post_title_1 ttl-serv align_center woocommerce-loop-product__title color_link_inherit\"><a href=\"https:\/\/ingenieriagyaspa.cl\/index.php\/producto\/camaras-frigorificas\/\">C\u00c1MARAS FRIGOR\u00cdFICAS<\/a><\/h4><\/div><\/div>\t\t<\/div>\r\n\t\t\t<\/article>\r\n\t<article class=\"w-grid-item size_1x1 post-9685 product type-product status-publish has-post-thumbnail product_cat-servicios  instock shipping-taxable product-type-simple\" data-id=\"9685\">\r\n\t\t<div class=\"w-grid-item-h\">\r\n\t\t\t\t\t\t<div class=\"w-vwrapper usg_vwrapper_1 img-serv align_center valign_bottom\"><div class=\"w-post-elm post_image usg_post_image_1 has_height stretched\"><a href=\"https:\/\/ingenieriagyaspa.cl\/index.php\/producto\/equipos-de-frio\/\" aria-label=\"EQUIPOS DE FR\u00cdO\"><img loading=\"lazy\" decoding=\"async\" width=\"1121\" height=\"2560\" src=\"https:\/\/ingenieriagyaspa.cl\/wp-content\/uploads\/2024\/05\/imagenes-servicios-GYASPA-65-scaled.jpg\" class=\"attachment-full size-full wp-post-image\" alt=\"\" srcset=\"https:\/\/ingenieriagyaspa.cl\/wp-content\/uploads\/2024\/05\/imagenes-servicios-GYASPA-65-scaled.jpg 1121w, https:\/\/ingenieriagyaspa.cl\/wp-content\/uploads\/2024\/05\/imagenes-servicios-GYASPA-65-131x300.jpg 131w, https:\/\/ingenieriagyaspa.cl\/wp-content\/uploads\/2024\/05\/imagenes-servicios-GYASPA-65-448x1024.jpg 448w, https:\/\/ingenieriagyaspa.cl\/wp-content\/uploads\/2024\/05\/imagenes-servicios-GYASPA-65-673x1536.jpg 673w, https:\/\/ingenieriagyaspa.cl\/wp-content\/uploads\/2024\/05\/imagenes-servicios-GYASPA-65-600x1370.jpg 600w\" sizes=\"(max-width: 1121px) 100vw, 1121px\" \/><\/a><\/div><div class=\"w-vwrapper usg_vwrapper_2 has_text_color align_center valign_bottom\"><h4 class=\"w-post-elm post_title usg_post_title_1 ttl-serv align_center woocommerce-loop-product__title color_link_inherit\"><a href=\"https:\/\/ingenieriagyaspa.cl\/index.php\/producto\/equipos-de-frio\/\">EQUIPOS DE FR\u00cdO<\/a><\/h4><\/div><\/div>\t\t<\/div>\r\n\t\t\t<\/article>\r\n\t<article class=\"w-grid-item size_1x1 post-9684 product type-product status-publish has-post-thumbnail product_cat-servicios  instock shipping-taxable product-type-simple\" data-id=\"9684\">\r\n\t\t<div class=\"w-grid-item-h\">\r\n\t\t\t\t\t\t<div class=\"w-vwrapper usg_vwrapper_1 img-serv align_center valign_bottom\"><div class=\"w-post-elm post_image usg_post_image_1 has_height stretched\"><a href=\"https:\/\/ingenieriagyaspa.cl\/index.php\/producto\/servicio-de-aire-acondicionado\/\" aria-label=\"AIRE ACONDICIONADO\"><img loading=\"lazy\" decoding=\"async\" width=\"1121\" height=\"2560\" src=\"https:\/\/ingenieriagyaspa.cl\/wp-content\/uploads\/2024\/05\/imagenes-servicios-GYASPA-64-scaled.jpg\" class=\"attachment-full size-full wp-post-image\" alt=\"\" srcset=\"https:\/\/ingenieriagyaspa.cl\/wp-content\/uploads\/2024\/05\/imagenes-servicios-GYASPA-64-scaled.jpg 1121w, https:\/\/ingenieriagyaspa.cl\/wp-content\/uploads\/2024\/05\/imagenes-servicios-GYASPA-64-131x300.jpg 131w, https:\/\/ingenieriagyaspa.cl\/wp-content\/uploads\/2024\/05\/imagenes-servicios-GYASPA-64-448x1024.jpg 448w, https:\/\/ingenieriagyaspa.cl\/wp-content\/uploads\/2024\/05\/imagenes-servicios-GYASPA-64-673x1536.jpg 673w, https:\/\/ingenieriagyaspa.cl\/wp-content\/uploads\/2024\/05\/imagenes-servicios-GYASPA-64-600x1370.jpg 600w\" sizes=\"(max-width: 1121px) 100vw, 1121px\" \/><\/a><\/div><div class=\"w-vwrapper usg_vwrapper_2 has_text_color align_center valign_bottom\"><h4 class=\"w-post-elm post_title usg_post_title_1 ttl-serv align_center woocommerce-loop-product__title color_link_inherit\"><a href=\"https:\/\/ingenieriagyaspa.cl\/index.php\/producto\/servicio-de-aire-acondicionado\/\">AIRE ACONDICIONADO<\/a><\/h4><\/div><\/div>\t\t<\/div>\r\n\t\t\t<\/article>\r\n\t<article class=\"w-grid-item size_1x1 post-9686 product type-product status-publish has-post-thumbnail product_cat-servicios last instock shipping-taxable product-type-simple\" data-id=\"9686\">\r\n\t\t<div class=\"w-grid-item-h\">\r\n\t\t\t\t\t\t<div class=\"w-vwrapper usg_vwrapper_1 img-serv align_center valign_bottom\"><div class=\"w-post-elm post_image usg_post_image_1 has_height stretched\"><a href=\"https:\/\/ingenieriagyaspa.cl\/index.php\/producto\/sistemas-de-extraccion\/\" aria-label=\"SISTEMAS DE EXTRACCI\u00d3N\"><img loading=\"lazy\" decoding=\"async\" width=\"1121\" height=\"2560\" src=\"https:\/\/ingenieriagyaspa.cl\/wp-content\/uploads\/2024\/05\/imagenes-servicios-GYASPA-66-scaled.jpg\" class=\"attachment-full size-full wp-post-image\" alt=\"\" srcset=\"https:\/\/ingenieriagyaspa.cl\/wp-content\/uploads\/2024\/05\/imagenes-servicios-GYASPA-66-scaled.jpg 1121w, https:\/\/ingenieriagyaspa.cl\/wp-content\/uploads\/2024\/05\/imagenes-servicios-GYASPA-66-131x300.jpg 131w, https:\/\/ingenieriagyaspa.cl\/wp-content\/uploads\/2024\/05\/imagenes-servicios-GYASPA-66-448x1024.jpg 448w, https:\/\/ingenieriagyaspa.cl\/wp-content\/uploads\/2024\/05\/imagenes-servicios-GYASPA-66-673x1536.jpg 673w, https:\/\/ingenieriagyaspa.cl\/wp-content\/uploads\/2024\/05\/imagenes-servicios-GYASPA-66-600x1370.jpg 600w\" sizes=\"(max-width: 1121px) 100vw, 1121px\" \/><\/a><\/div><div class=\"w-vwrapper usg_vwrapper_2 has_text_color align_center valign_bottom\"><h4 class=\"w-post-elm post_title usg_post_title_1 ttl-serv align_center woocommerce-loop-product__title color_link_inherit\"><a href=\"https:\/\/ingenieriagyaspa.cl\/index.php\/producto\/sistemas-de-extraccion\/\">SISTEMAS DE EXTRACCI\u00d3N<\/a><\/h4><\/div><\/div>\t\t<\/div>\r\n\t\t\t<\/article>\r\n\t<article class=\"w-grid-item size_1x1 post-9689 product type-product status-publish has-post-thumbnail product_cat-servicios first instock shipping-taxable product-type-simple\" data-id=\"9689\">\r\n\t\t<div class=\"w-grid-item-h\">\r\n\t\t\t\t\t\t<div class=\"w-vwrapper usg_vwrapper_1 img-serv align_center valign_bottom\"><div class=\"w-post-elm post_image usg_post_image_1 has_height stretched\"><a href=\"https:\/\/ingenieriagyaspa.cl\/index.php\/producto\/mantencion-de-equipos\/\" aria-label=\"MANTENCI\u00d3N DE EQUIPOS\"><img loading=\"lazy\" decoding=\"async\" width=\"1121\" height=\"2560\" src=\"https:\/\/ingenieriagyaspa.cl\/wp-content\/uploads\/2024\/05\/imagenes-servicios-GYASPA-67-scaled.jpg\" class=\"attachment-full size-full wp-post-image\" alt=\"\" srcset=\"https:\/\/ingenieriagyaspa.cl\/wp-content\/uploads\/2024\/05\/imagenes-servicios-GYASPA-67-scaled.jpg 1121w, https:\/\/ingenieriagyaspa.cl\/wp-content\/uploads\/2024\/05\/imagenes-servicios-GYASPA-67-131x300.jpg 131w, https:\/\/ingenieriagyaspa.cl\/wp-content\/uploads\/2024\/05\/imagenes-servicios-GYASPA-67-448x1024.jpg 448w, https:\/\/ingenieriagyaspa.cl\/wp-content\/uploads\/2024\/05\/imagenes-servicios-GYASPA-67-673x1536.jpg 673w, https:\/\/ingenieriagyaspa.cl\/wp-content\/uploads\/2024\/05\/imagenes-servicios-GYASPA-67-600x1370.jpg 600w\" sizes=\"(max-width: 1121px) 100vw, 1121px\" \/><\/a><\/div><div class=\"w-vwrapper usg_vwrapper_2 has_text_color align_center valign_bottom\"><h4 class=\"w-post-elm post_title usg_post_title_1 ttl-serv align_center woocommerce-loop-product__title color_link_inherit\"><a href=\"https:\/\/ingenieriagyaspa.cl\/index.php\/producto\/mantencion-de-equipos\/\">MANTENCI\u00d3N DE EQUIPOS<\/a><\/h4><\/div><\/div>\t\t<\/div>\r\n\t\t\t<\/article>\r\n<\/div><div class=\"w-grid-preloader\">\t<div class=\"g-preloader type_1\">\r\n\t\t<div><\/div>\r\n\t<\/div>\r\n\t<\/div>\t<div class=\"w-grid-json hidden\" onclick='return {&quot;action&quot;:&quot;us_ajax_grid&quot;,&quot;infinite_scroll&quot;:0,&quot;max_num_pages&quot;:1,&quot;pagination&quot;:&quot;none&quot;,&quot;template_vars&quot;:{&quot;columns&quot;:&quot;5&quot;,&quot;exclude_items&quot;:&quot;none&quot;,&quot;img_size&quot;:&quot;default&quot;,&quot;ignore_items_size&quot;:0,&quot;items_layout&quot;:&quot;9479&quot;,&quot;items_offset&quot;:&quot;1&quot;,&quot;load_animation&quot;:&quot;none&quot;,&quot;overriding_link&quot;:&quot;%7B%22url%22%3A%22%22%7D&quot;,&quot;post_id&quot;:0,&quot;query_args&quot;:{&quot;post_type&quot;:[&quot;product&quot;],&quot;tax_query&quot;:[{&quot;taxonomy&quot;:&quot;product_cat&quot;,&quot;field&quot;:&quot;slug&quot;,&quot;terms&quot;:[&quot;servicios&quot;]},{&quot;taxonomy&quot;:&quot;product_visibility&quot;,&quot;field&quot;:&quot;slug&quot;,&quot;terms&quot;:[&quot;exclude-from-catalog&quot;],&quot;operator&quot;:&quot;NOT IN&quot;}],&quot;post_status&quot;:[&quot;publish&quot;,&quot;acf-disabled&quot;],&quot;meta_query&quot;:[],&quot;posts_per_page&quot;:&quot;10&quot;},&quot;orderby_query_args&quot;:{&quot;orderby&quot;:{&quot;menu_order&quot;:&quot;ASC&quot;},&quot;order&quot;:&quot;ASC&quot;},&quot;type&quot;:&quot;grid&quot;,&quot;us_grid_post_type&quot;:&quot;product&quot;,&quot;us_grid_ajax_index&quot;:1,&quot;us_grid_filter_params&quot;:[],&quot;us_grid_index&quot;:1,&quot;page_args&quot;:[]}}'><\/div>\r\n\t<\/div><\/div><\/div><\/div><\/div><\/div><\/section>\n","protected":false},"excerpt":{"rendered":"En Ingenier\u00eda GYA SPA, ofrecemos un servicio integral de mantenimiento de equipos dise\u00f1ado para asegurar https:\/\/coolzinocasino.co.de\/ el funcionamiento continuo y eficiente de tus instalaciones. Nuestro objetivo es maximizar la vida \u00fatil de tus equipos y minimizar el riesgo de fallos inesperados, garantizando un rendimiento \u00f3ptimo y la continuidad de tus operaciones. Caracter\u00edsticas del Servicio: Mantenimiento...","protected":false},"author":3,"featured_media":0,"parent":0,"menu_order":0,"comment_status":"closed","ping_status":"closed","template":"","meta":{"footnotes":""},"class_list":["post-9453","page","type-page","status-publish","hentry"],"acf":[],"_links":{"self":[{"href":"https:\/\/ingenieriagyaspa.cl\/index.php\/wp-json\/wp\/v2\/pages\/9453"}],"collection":[{"href":"https:\/\/ingenieriagyaspa.cl\/index.php\/wp-json\/wp\/v2\/pages"}],"about":[{"href":"https:\/\/ingenieriagyaspa.cl\/index.php\/wp-json\/wp\/v2\/types\/page"}],"author":[{"embeddable":true,"href":"https:\/\/ingenieriagyaspa.cl\/index.php\/wp-json\/wp\/v2\/users\/3"}],"replies":[{"embeddable":true,"href":"https:\/\/ingenieriagyaspa.cl\/index.php\/wp-json\/wp\/v2\/comments?post=9453"}],"version-history":[{"count":6,"href":"https:\/\/ingenieriagyaspa.cl\/index.php\/wp-json\/wp\/v2\/pages\/9453\/revisions"}],"predecessor-version":[{"id":106347,"href":"https:\/\/ingenieriagyaspa.cl\/index.php\/wp-json\/wp\/v2\/pages\/9453\/revisions\/106347"}],"wp:attachment":[{"href":"https:\/\/ingenieriagyaspa.cl\/index.php\/wp-json\/wp\/v2\/media?parent=9453"}],"curies":[{"name":"wp","href":"https:\/\/api.w.org\/{rel}","templated":true}]}}